{"id":911,"date":"2025-09-16T15:56:08","date_gmt":"2025-09-16T13:56:08","guid":{"rendered":"https:\/\/claysshooting.fr\/?post_type=product&#038;p=911"},"modified":"2026-03-26T13:22:22","modified_gmt":"2026-03-26T12:22:22","slug":"clays-shooting-cash-race","status":"publish","type":"product","link":"https:\/\/claysshooting.fr\/en\/boutique\/clays-shooting-cash-race\/","title":{"rendered":"Clays Shooting Cash Race &#8211; 9 &#038; 10 MAI 2026"},"content":{"rendered":"<figure id=\"attachment_1493\" aria-describedby=\"caption-attachment-1493\" style=\"width: 300px\" class=\"wp-caption alignnone\"><img loading=\"lazy\" decoding=\"async\" class=\"size-medium wp-image-1493\" src=\"https:\/\/claysshooting.fr\/wp-content\/uploads\/2025\/09\/img_8368-300x169.webp\" alt=\"IMG_8368\" width=\"300\" height=\"169\" srcset=\"https:\/\/claysshooting.fr\/wp-content\/uploads\/2025\/09\/img_8368-300x169.webp 300w, https:\/\/claysshooting.fr\/wp-content\/uploads\/2025\/09\/img_8368-1024x576.webp 1024w, https:\/\/claysshooting.fr\/wp-content\/uploads\/2025\/09\/img_8368-768x432.webp 768w, https:\/\/claysshooting.fr\/wp-content\/uploads\/2025\/09\/img_8368-18x10.webp 18w, https:\/\/claysshooting.fr\/wp-content\/uploads\/2025\/09\/img_8368-24x13.webp 24w, https:\/\/claysshooting.fr\/wp-content\/uploads\/2025\/09\/img_8368-36x20.webp 36w, https:\/\/claysshooting.fr\/wp-content\/uploads\/2025\/09\/img_8368-48x27.webp 48w, https:\/\/claysshooting.fr\/wp-content\/uploads\/2025\/09\/img_8368-600x337.webp 600w, https:\/\/claysshooting.fr\/wp-content\/uploads\/2025\/09\/img_8368.webp 1286w\" sizes=\"auto, (max-width: 300px) 100vw, 300px\" \/><figcaption id=\"caption-attachment-1493\" class=\"wp-caption-text\">IMG_8368<\/figcaption><\/figure>\n<figure id=\"attachment_1494\" aria-describedby=\"caption-attachment-1494\" style=\"width: 300px\" class=\"wp-caption alignnone\"><img loading=\"lazy\" decoding=\"async\" class=\"size-medium wp-image-1494\" src=\"https:\/\/claysshooting.fr\/wp-content\/uploads\/2025\/09\/img_8370-300x169.webp\" alt=\"IMG_8370\" width=\"300\" height=\"169\" srcset=\"https:\/\/claysshooting.fr\/wp-content\/uploads\/2025\/09\/img_8370-300x169.webp 300w, https:\/\/claysshooting.fr\/wp-content\/uploads\/2025\/09\/img_8370-1024x576.webp 1024w, https:\/\/claysshooting.fr\/wp-content\/uploads\/2025\/09\/img_8370-768x432.webp 768w, https:\/\/claysshooting.fr\/wp-content\/uploads\/2025\/09\/img_8370-1536x864.webp 1536w, https:\/\/claysshooting.fr\/wp-content\/uploads\/2025\/09\/img_8370-18x10.webp 18w, https:\/\/claysshooting.fr\/wp-content\/uploads\/2025\/09\/img_8370-1568x882.webp 1568w, https:\/\/claysshooting.fr\/wp-content\/uploads\/2025\/09\/img_8370-24x14.webp 24w, https:\/\/claysshooting.fr\/wp-content\/uploads\/2025\/09\/img_8370-36x20.webp 36w, https:\/\/claysshooting.fr\/wp-content\/uploads\/2025\/09\/img_8370-48x27.webp 48w, https:\/\/claysshooting.fr\/wp-content\/uploads\/2025\/09\/img_8370-600x338.webp 600w, https:\/\/claysshooting.fr\/wp-content\/uploads\/2025\/09\/img_8370.webp 1920w\" sizes=\"auto, (max-width: 300px) 100vw, 300px\" \/><figcaption id=\"caption-attachment-1494\" class=\"wp-caption-text\">IMG_8370<\/figcaption><\/figure>\n<figure id=\"attachment_1495\" aria-describedby=\"caption-attachment-1495\" style=\"width: 300px\" class=\"wp-caption alignnone\"><img loading=\"lazy\" decoding=\"async\" class=\"size-medium wp-image-1495\" src=\"https:\/\/claysshooting.fr\/wp-content\/uploads\/2025\/09\/img_8369-300x169.webp\" alt=\"IMG_8369\" width=\"300\" height=\"169\" srcset=\"https:\/\/claysshooting.fr\/wp-content\/uploads\/2025\/09\/img_8369-300x169.webp 300w, https:\/\/claysshooting.fr\/wp-content\/uploads\/2025\/09\/img_8369-1024x576.webp 1024w, https:\/\/claysshooting.fr\/wp-content\/uploads\/2025\/09\/img_8369-768x432.webp 768w, https:\/\/claysshooting.fr\/wp-content\/uploads\/2025\/09\/img_8369-18x10.webp 18w, https:\/\/claysshooting.fr\/wp-content\/uploads\/2025\/09\/img_8369-24x14.webp 24w, https:\/\/claysshooting.fr\/wp-content\/uploads\/2025\/09\/img_8369-36x20.webp 36w, https:\/\/claysshooting.fr\/wp-content\/uploads\/2025\/09\/img_8369-48x27.webp 48w, https:\/\/claysshooting.fr\/wp-content\/uploads\/2025\/09\/img_8369-600x338.webp 600w, https:\/\/claysshooting.fr\/wp-content\/uploads\/2025\/09\/img_8369.webp 1080w\" sizes=\"auto, (max-width: 300px) 100vw, 300px\" \/><figcaption id=\"caption-attachment-1495\" class=\"wp-caption-text\">IMG_8369<\/figcaption><\/figure>","protected":false},"excerpt":{"rendered":"<p>Compak Sporting &#8211; 300 Plateaux &#8211; 12 Compaks<\/p>\n<p>&nbsp;<\/p>\n<p>Pour s&rsquo;inscrire, veuillez proc\u00e9dez au paiement en validant votre panier, apr\u00e8s avoir pr\u00e9ciser votre cat\u00e9gorie<\/p>","protected":false},"featured_media":1493,"template":"","meta":{"_acf_changed":false},"product_brand":[],"product_cat":[21],"product_tag":[37,33,34,35,36,32,40,38,39],"class_list":{"0":"post-911","1":"product","2":"type-product","3":"status-publish","4":"has-post-thumbnail","6":"product_cat-evenements","7":"product_tag-cadets-junuiors","8":"product_tag-m1","9":"product_tag-m2","10":"product_tag-m3","11":"product_tag-m4-dames-masters","12":"product_tag-mencf","13":"product_tag-menetr","14":"product_tag-seniors","15":"product_tag-veterans","16":"entry","18":"first","19":"instock","20":"shipping-taxable","21":"purchasable","22":"product-type-variable"},"acf":[],"yoast_head":"<!-- This site is optimized with the Yoast SEO plugin v27.2 - https:\/\/yoast.com\/product\/yoast-seo-wordpress\/ -->\n<title>Clays Shooting Cash Race - 9 &amp; 10 MAI 2026 - Clays Shooting -<\/title>\n<meta name=\"description\" content=\"Comp\u00e9tition Clays Shooting Cash Race. Inscription en ligne\" \/>\n<meta name=\"robots\" content=\"index, follow, max-snippet:-1, max-image-preview:large, max-video-preview:-1\" \/>\n<link rel=\"canonical\" href=\"https:\/\/claysshooting.fr\/en\/boutique\/clays-shooting-cash-race\/\" \/>\n<meta property=\"og:locale\" content=\"en_GB\" \/>\n<meta property=\"og:type\" content=\"article\" \/>\n<meta property=\"og:title\" content=\"Clays Shooting Cash Race - 9 &amp; 10 MAI 2026 - Clays Shooting -\" \/>\n<meta property=\"og:description\" content=\"Comp\u00e9tition Clays Shooting Cash Race. Inscription en ligne\" \/>\n<meta property=\"og:url\" content=\"https:\/\/claysshooting.fr\/en\/boutique\/clays-shooting-cash-race\/\" \/>\n<meta property=\"og:site_name\" content=\"Clays Shooting\" \/>\n<meta property=\"article:publisher\" content=\"https:\/\/www.facebook.com\/claysshooting62\" \/>\n<meta property=\"article:modified_time\" content=\"2026-03-26T12:22:22+00:00\" \/>\n<meta property=\"og:image\" content=\"https:\/\/claysshooting.fr\/wp-content\/uploads\/2025\/09\/img_8368.webp\" \/>\n\t<meta property=\"og:image:width\" content=\"1286\" \/>\n\t<meta property=\"og:image:height\" content=\"723\" \/>\n\t<meta property=\"og:image:type\" content=\"image\/webp\" \/>\n<meta name=\"twitter:card\" content=\"summary_large_image\" \/>\n<meta name=\"twitter:label1\" content=\"Estimated reading time\" \/>\n\t<meta name=\"twitter:data1\" content=\"1 minute\" \/>\n<script type=\"application\/ld+json\" class=\"yoast-schema-graph\">{\"@context\":\"https:\/\/schema.org\",\"@graph\":[{\"@type\":\"WebPage\",\"@id\":\"https:\/\/claysshooting.fr\/boutique\/clays-shooting-cash-race\/\",\"url\":\"https:\/\/claysshooting.fr\/boutique\/clays-shooting-cash-race\/\",\"name\":\"Clays Shooting Cash Race - 9 & 10 MAI 2026 - Clays Shooting -\",\"isPartOf\":{\"@id\":\"https:\/\/claysshooting.fr\/#website\"},\"primaryImageOfPage\":{\"@id\":\"https:\/\/claysshooting.fr\/boutique\/clays-shooting-cash-race\/#primaryimage\"},\"image\":{\"@id\":\"https:\/\/claysshooting.fr\/boutique\/clays-shooting-cash-race\/#primaryimage\"},\"thumbnailUrl\":\"https:\/\/claysshooting.fr\/wp-content\/uploads\/2025\/09\/img_8368.webp\",\"datePublished\":\"2025-09-16T13:56:08+00:00\",\"dateModified\":\"2026-03-26T12:22:22+00:00\",\"description\":\"Comp\u00e9tition Clays Shooting Cash Race. Inscription en ligne\",\"breadcrumb\":{\"@id\":\"https:\/\/claysshooting.fr\/boutique\/clays-shooting-cash-race\/#breadcrumb\"},\"inLanguage\":\"en-GB\",\"potentialAction\":[{\"@type\":\"ReadAction\",\"target\":[\"https:\/\/claysshooting.fr\/boutique\/clays-shooting-cash-race\/\"]}]},{\"@type\":\"ImageObject\",\"inLanguage\":\"en-GB\",\"@id\":\"https:\/\/claysshooting.fr\/boutique\/clays-shooting-cash-race\/#primaryimage\",\"url\":\"https:\/\/claysshooting.fr\/wp-content\/uploads\/2025\/09\/img_8368.webp\",\"contentUrl\":\"https:\/\/claysshooting.fr\/wp-content\/uploads\/2025\/09\/img_8368.webp\",\"width\":1286,\"height\":723,\"caption\":\"IMG_8368\"},{\"@type\":\"BreadcrumbList\",\"@id\":\"https:\/\/claysshooting.fr\/boutique\/clays-shooting-cash-race\/#breadcrumb\",\"itemListElement\":[{\"@type\":\"ListItem\",\"position\":1,\"name\":\"Accueil\",\"item\":\"https:\/\/claysshooting.fr\/\"},{\"@type\":\"ListItem\",\"position\":2,\"name\":\"Boutique\",\"item\":\"https:\/\/claysshooting.fr\/boutique\/\"},{\"@type\":\"ListItem\",\"position\":3,\"name\":\"Clays Shooting Cash Race &#8211; 9 &#038; 10 MAI 2026\"}]},{\"@type\":\"WebSite\",\"@id\":\"https:\/\/claysshooting.fr\/#website\",\"url\":\"https:\/\/claysshooting.fr\/\",\"name\":\"Clays Shooting | Stand de ball trap Sains-L\u00e8s-Marquion\",\"description\":\"\",\"publisher\":{\"@id\":\"https:\/\/claysshooting.fr\/#organization\"},\"potentialAction\":[{\"@type\":\"SearchAction\",\"target\":{\"@type\":\"EntryPoint\",\"urlTemplate\":\"https:\/\/claysshooting.fr\/?s={search_term_string}\"},\"query-input\":{\"@type\":\"PropertyValueSpecification\",\"valueRequired\":true,\"valueName\":\"search_term_string\"}}],\"inLanguage\":\"en-GB\"},{\"@type\":\"Organization\",\"@id\":\"https:\/\/claysshooting.fr\/#organization\",\"name\":\"Clays Shooting | Stand de ball trap Sains-L\u00e8s-Marquion\",\"url\":\"https:\/\/claysshooting.fr\/\",\"logo\":{\"@type\":\"ImageObject\",\"inLanguage\":\"en-GB\",\"@id\":\"https:\/\/claysshooting.fr\/#\/schema\/logo\/image\/\",\"url\":\"https:\/\/claysshooting.fr\/wp-content\/uploads\/2025\/08\/logo_blanc.webp\",\"contentUrl\":\"https:\/\/claysshooting.fr\/wp-content\/uploads\/2025\/08\/logo_blanc.webp\",\"width\":600,\"height\":596,\"caption\":\"Clays Shooting | Stand de ball trap Sains-L\u00e8s-Marquion\"},\"image\":{\"@id\":\"https:\/\/claysshooting.fr\/#\/schema\/logo\/image\/\"},\"sameAs\":[\"https:\/\/www.facebook.com\/claysshooting62\"]}]}<\/script>\n<!-- \/ Yoast SEO plugin. -->","yoast_head_json":{"title":"Clays Shooting Cash Race - 9 & 10 MAI 2026 - Clays Shooting -","description":"Comp\u00e9tition Clays Shooting Cash Race. Inscription en ligne","robots":{"index":"index","follow":"follow","max-snippet":"max-snippet:-1","max-image-preview":"max-image-preview:large","max-video-preview":"max-video-preview:-1"},"canonical":"https:\/\/claysshooting.fr\/en\/boutique\/clays-shooting-cash-race\/","og_locale":"en_GB","og_type":"article","og_title":"Clays Shooting Cash Race - 9 & 10 MAI 2026 - Clays Shooting -","og_description":"Comp\u00e9tition Clays Shooting Cash Race. Inscription en ligne","og_url":"https:\/\/claysshooting.fr\/en\/boutique\/clays-shooting-cash-race\/","og_site_name":"Clays Shooting","article_publisher":"https:\/\/www.facebook.com\/claysshooting62","article_modified_time":"2026-03-26T12:22:22+00:00","og_image":[{"width":1286,"height":723,"url":"https:\/\/claysshooting.fr\/wp-content\/uploads\/2025\/09\/img_8368.webp","type":"image\/webp"}],"twitter_card":"summary_large_image","twitter_misc":{"Estimated reading time":"1 minute"},"schema":{"@context":"https:\/\/schema.org","@graph":[{"@type":"WebPage","@id":"https:\/\/claysshooting.fr\/boutique\/clays-shooting-cash-race\/","url":"https:\/\/claysshooting.fr\/boutique\/clays-shooting-cash-race\/","name":"Clays Shooting Cash Race - 9 & 10 MAI 2026 - Clays Shooting -","isPartOf":{"@id":"https:\/\/claysshooting.fr\/#website"},"primaryImageOfPage":{"@id":"https:\/\/claysshooting.fr\/boutique\/clays-shooting-cash-race\/#primaryimage"},"image":{"@id":"https:\/\/claysshooting.fr\/boutique\/clays-shooting-cash-race\/#primaryimage"},"thumbnailUrl":"https:\/\/claysshooting.fr\/wp-content\/uploads\/2025\/09\/img_8368.webp","datePublished":"2025-09-16T13:56:08+00:00","dateModified":"2026-03-26T12:22:22+00:00","description":"Comp\u00e9tition Clays Shooting Cash Race. Inscription en ligne","breadcrumb":{"@id":"https:\/\/claysshooting.fr\/boutique\/clays-shooting-cash-race\/#breadcrumb"},"inLanguage":"en-GB","potentialAction":[{"@type":"ReadAction","target":["https:\/\/claysshooting.fr\/boutique\/clays-shooting-cash-race\/"]}]},{"@type":"ImageObject","inLanguage":"en-GB","@id":"https:\/\/claysshooting.fr\/boutique\/clays-shooting-cash-race\/#primaryimage","url":"https:\/\/claysshooting.fr\/wp-content\/uploads\/2025\/09\/img_8368.webp","contentUrl":"https:\/\/claysshooting.fr\/wp-content\/uploads\/2025\/09\/img_8368.webp","width":1286,"height":723,"caption":"IMG_8368"},{"@type":"BreadcrumbList","@id":"https:\/\/claysshooting.fr\/boutique\/clays-shooting-cash-race\/#breadcrumb","itemListElement":[{"@type":"ListItem","position":1,"name":"Accueil","item":"https:\/\/claysshooting.fr\/"},{"@type":"ListItem","position":2,"name":"Boutique","item":"https:\/\/claysshooting.fr\/boutique\/"},{"@type":"ListItem","position":3,"name":"Clays Shooting Cash Race &#8211; 9 &#038; 10 MAI 2026"}]},{"@type":"WebSite","@id":"https:\/\/claysshooting.fr\/#website","url":"https:\/\/claysshooting.fr\/","name":"Clays Shooting | Stand de ball trap Sains-L\u00e8s-Marquion","description":"","publisher":{"@id":"https:\/\/claysshooting.fr\/#organization"},"potentialAction":[{"@type":"SearchAction","target":{"@type":"EntryPoint","urlTemplate":"https:\/\/claysshooting.fr\/?s={search_term_string}"},"query-input":{"@type":"PropertyValueSpecification","valueRequired":true,"valueName":"search_term_string"}}],"inLanguage":"en-GB"},{"@type":"Organization","@id":"https:\/\/claysshooting.fr\/#organization","name":"Clays Shooting | Stand de ball trap Sains-L\u00e8s-Marquion","url":"https:\/\/claysshooting.fr\/","logo":{"@type":"ImageObject","inLanguage":"en-GB","@id":"https:\/\/claysshooting.fr\/#\/schema\/logo\/image\/","url":"https:\/\/claysshooting.fr\/wp-content\/uploads\/2025\/08\/logo_blanc.webp","contentUrl":"https:\/\/claysshooting.fr\/wp-content\/uploads\/2025\/08\/logo_blanc.webp","width":600,"height":596,"caption":"Clays Shooting | Stand de ball trap Sains-L\u00e8s-Marquion"},"image":{"@id":"https:\/\/claysshooting.fr\/#\/schema\/logo\/image\/"},"sameAs":["https:\/\/www.facebook.com\/claysshooting62"]}]}},"jetpack_sharing_enabled":true,"_links":{"self":[{"href":"https:\/\/claysshooting.fr\/en\/wp-json\/wp\/v2\/product\/911","targetHints":{"allow":["GET"]}}],"collection":[{"href":"https:\/\/claysshooting.fr\/en\/wp-json\/wp\/v2\/product"}],"about":[{"href":"https:\/\/claysshooting.fr\/en\/wp-json\/wp\/v2\/types\/product"}],"wp:featuredmedia":[{"embeddable":true,"href":"https:\/\/claysshooting.fr\/en\/wp-json\/wp\/v2\/media\/1493"}],"wp:attachment":[{"href":"https:\/\/claysshooting.fr\/en\/wp-json\/wp\/v2\/media?parent=911"}],"wp:term":[{"taxonomy":"product_brand","embeddable":true,"href":"https:\/\/claysshooting.fr\/en\/wp-json\/wp\/v2\/product_brand?post=911"},{"taxonomy":"product_cat","embeddable":true,"href":"https:\/\/claysshooting.fr\/en\/wp-json\/wp\/v2\/product_cat?post=911"},{"taxonomy":"product_tag","embeddable":true,"href":"https:\/\/claysshooting.fr\/en\/wp-json\/wp\/v2\/product_tag?post=911"}],"curies":[{"name":"wp","href":"https:\/\/api.w.org\/{rel}","templated":true}]}}