{"id":730,"date":"2025-08-29T12:23:52","date_gmt":"2025-08-29T10:23:52","guid":{"rendered":"https:\/\/clays-shooting.flashpubcommunication.fr\/?page_id=730"},"modified":"2025-08-29T12:24:03","modified_gmt":"2025-08-29T10:24:03","slug":"reglement-du-club","status":"publish","type":"page","link":"https:\/\/claysshooting.fr\/en\/reglement-du-club\/","title":{"rendered":"Club rules"},"content":{"rendered":"<div class=\"elementor-element elementor-element-9a5535c elementor-widget__width-initial elementor-widget elementor-widget-text-editor\" data-id=\"9a5535c\" data-element_type=\"widget\" data-widget_type=\"text-editor.default\">\n<div class=\"elementor-widget-container\">\n<p>Clays Shooting strives to ensure a good time while respecting everyone. Therefore, we encourage you to read these rules in their entirety and respect their integrity each time you visit our club. Thank you for your understanding.<\/p>\n<ol>\n<li style=\"list-style-type: none;\">\n<ol>\n<li>Smoking is strictly forbidden on the compact sporting facilities and in the main building.<\/li>\n<li>It is strictly forbidden to cross the wooden railings.<\/li>\n<li>It is forbidden to touch the ball-trap machines and to climb the watchtowers.<\/li>\n<li>Your pets must be kept on a lead.<\/li>\n<li>Please respect the parking spaces.<\/li>\n<li>It is strictly forbidden to leave children under the age of 14 alone on the stand. You are solely responsible for them.<\/li>\n<li>Any disrespect towards Clays Shooting staff will not be tolerated, in which case you will be asked to leave our premises indefinitely.<\/li>\n<li>It is strictly forbidden to shoot at ducks, hares, rabbits, pheasants, partridges or any other birds on our premises. If you do not respect this rule you will be excluded from the shooting range.<\/li>\n<li>Do not test the shoulder of a closed rifle, even if empty, except on the firing point and only in the normal direction of fire.<\/li>\n<li>Only load the weapon in turn.<\/li>\n<li>Keep the weapon tilted or the breech open while waiting your turn.<\/li>\n<li>Never turn towards the public, whether the weapon is loaded or not.<\/li>\n<li>The shooter may only cock or close his gun when the previous competitor has fired<\/li>\n<li>The shooter may only shoot on his turn and only at a target he has personally ordered. He may therefore not aim or shoot at the targets of other shooters and hinder them.<\/li>\n<li>Only 28g lead cartridges, number 7 to 9, are allowed.<\/li>\n<li>In the event of a malfunction of the weapon or ammunition, the shooter must remain at his post and raise his rifle in the direction of fire without opening it or touching the safety catch.<\/li>\n<li>If shooting is interrupted, tip or open the guns on the firing point and remove the cartridges<\/li>\n<li>Respecting the environment and places<\/li>\n<li>Collect your cartridges and boxes.<\/li>\n<li>No alcohol is allowed on the shooting range.<\/li>\n<li>Shotguns are strictly forbidden<\/li>\n<li>Semi-automatic rifles are strictly prohibited except during FFBT competitions<\/li>\n<li>Goggles and hearing protection required<\/li>\n<li>If you lend your card, you must always return it to the club.<\/li>\n<\/ol>\n<\/li>\n<\/ol>\n<\/div>\n<\/div>","protected":false},"excerpt":{"rendered":"<p>Clays Shooting souhaite garantir un bon moment dans le respect de chacun. C\u2019est pourquoi, nous vous invitons \u00e0 prendre connaissance de ce r\u00e8glement dans son enti\u00e8ret\u00e9 et \u00e0 respecter son int\u00e9grit\u00e9 \u00e0 chacun de vos passages dans notre club. Merci de votre compr\u00e9hension. Il est strictement interdit de fumer sur les compacts sporting ainsi que&hellip; <a class=\"more-link\" href=\"https:\/\/claysshooting.fr\/en\/reglement-du-club\/\">Continue reading <span class=\"screen-reader-text\">Club rules<\/span><\/a><\/p>","protected":false},"author":1,"featured_media":0,"parent":0,"menu_order":0,"comment_status":"closed","ping_status":"closed","template":"page.php","meta":{"_acf_changed":false,"footnotes":""},"class_list":["post-730","page","type-page","status-publish","hentry","entry"],"acf":[],"yoast_head":"<!-- This site is optimized with the Yoast SEO plugin v27.2 - https:\/\/yoast.com\/product\/yoast-seo-wordpress\/ -->\n<title>R\u00e8glement du club - Clays Shooting<\/title>\n<meta name=\"robots\" content=\"index, follow, max-snippet:-1, max-image-preview:large, max-video-preview:-1\" \/>\n<link rel=\"canonical\" href=\"https:\/\/claysshooting.fr\/en\/reglement-du-club\/\" \/>\n<meta property=\"og:locale\" content=\"en_GB\" \/>\n<meta property=\"og:type\" content=\"article\" \/>\n<meta property=\"og:title\" content=\"R\u00e8glement du club - Clays Shooting\" \/>\n<meta property=\"og:description\" content=\"Clays Shooting souhaite garantir un bon moment dans le respect de chacun. C\u2019est pourquoi, nous vous invitons \u00e0 prendre connaissance de ce r\u00e8glement dans son enti\u00e8ret\u00e9 et \u00e0 respecter son int\u00e9grit\u00e9 \u00e0 chacun de vos passages dans notre club. Merci de votre compr\u00e9hension. Il est strictement interdit de fumer sur les compacts sporting ainsi que&hellip; Continue reading R\u00e8glement du club\" \/>\n<meta property=\"og:url\" content=\"https:\/\/claysshooting.fr\/en\/reglement-du-club\/\" \/>\n<meta property=\"og:site_name\" content=\"Clays Shooting\" \/>\n<meta property=\"article:publisher\" content=\"https:\/\/www.facebook.com\/claysshooting62\" \/>\n<meta property=\"article:modified_time\" content=\"2025-08-29T10:24:03+00:00\" \/>\n<meta property=\"og:image\" content=\"https:\/\/claysshooting.fr\/wp-content\/uploads\/2025\/09\/9cfb15e0-4254-46c9-aede-71864c4fce3a-scaled-e1758187016489.webp\" \/>\n\t<meta property=\"og:image:width\" content=\"1300\" \/>\n\t<meta property=\"og:image:height\" content=\"1733\" \/>\n\t<meta property=\"og:image:type\" content=\"image\/webp\" \/>\n<meta name=\"twitter:card\" content=\"summary_large_image\" \/>\n<meta name=\"twitter:label1\" content=\"Estimated reading time\" \/>\n\t<meta name=\"twitter:data1\" content=\"2 minutes\" \/>\n<script type=\"application\/ld+json\" class=\"yoast-schema-graph\">{\"@context\":\"https:\/\/schema.org\",\"@graph\":[{\"@type\":\"WebPage\",\"@id\":\"https:\/\/claysshooting.fr\/reglement-du-club\/\",\"url\":\"https:\/\/claysshooting.fr\/reglement-du-club\/\",\"name\":\"R\u00e8glement du club - Clays Shooting\",\"isPartOf\":{\"@id\":\"https:\/\/claysshooting.fr\/#website\"},\"datePublished\":\"2025-08-29T10:23:52+00:00\",\"dateModified\":\"2025-08-29T10:24:03+00:00\",\"breadcrumb\":{\"@id\":\"https:\/\/claysshooting.fr\/reglement-du-club\/#breadcrumb\"},\"inLanguage\":\"en-GB\",\"potentialAction\":[{\"@type\":\"ReadAction\",\"target\":[\"https:\/\/claysshooting.fr\/reglement-du-club\/\"]}]},{\"@type\":\"BreadcrumbList\",\"@id\":\"https:\/\/claysshooting.fr\/reglement-du-club\/#breadcrumb\",\"itemListElement\":[{\"@type\":\"ListItem\",\"position\":1,\"name\":\"Accueil\",\"item\":\"https:\/\/claysshooting.fr\/\"},{\"@type\":\"ListItem\",\"position\":2,\"name\":\"R\u00e8glement du club\"}]},{\"@type\":\"WebSite\",\"@id\":\"https:\/\/claysshooting.fr\/#website\",\"url\":\"https:\/\/claysshooting.fr\/\",\"name\":\"Clays Shooting | Stand de ball trap Sains-L\u00e8s-Marquion\",\"description\":\"\",\"publisher\":{\"@id\":\"https:\/\/claysshooting.fr\/#organization\"},\"potentialAction\":[{\"@type\":\"SearchAction\",\"target\":{\"@type\":\"EntryPoint\",\"urlTemplate\":\"https:\/\/claysshooting.fr\/?s={search_term_string}\"},\"query-input\":{\"@type\":\"PropertyValueSpecification\",\"valueRequired\":true,\"valueName\":\"search_term_string\"}}],\"inLanguage\":\"en-GB\"},{\"@type\":\"Organization\",\"@id\":\"https:\/\/claysshooting.fr\/#organization\",\"name\":\"Clays Shooting | Stand de ball trap Sains-L\u00e8s-Marquion\",\"url\":\"https:\/\/claysshooting.fr\/\",\"logo\":{\"@type\":\"ImageObject\",\"inLanguage\":\"en-GB\",\"@id\":\"https:\/\/claysshooting.fr\/#\/schema\/logo\/image\/\",\"url\":\"https:\/\/claysshooting.fr\/wp-content\/uploads\/2025\/08\/logo_blanc.webp\",\"contentUrl\":\"https:\/\/claysshooting.fr\/wp-content\/uploads\/2025\/08\/logo_blanc.webp\",\"width\":600,\"height\":596,\"caption\":\"Clays Shooting | Stand de ball trap Sains-L\u00e8s-Marquion\"},\"image\":{\"@id\":\"https:\/\/claysshooting.fr\/#\/schema\/logo\/image\/\"},\"sameAs\":[\"https:\/\/www.facebook.com\/claysshooting62\"]}]}<\/script>\n<!-- \/ Yoast SEO plugin. -->","yoast_head_json":{"title":"R\u00e8glement du club - Clays Shooting","robots":{"index":"index","follow":"follow","max-snippet":"max-snippet:-1","max-image-preview":"max-image-preview:large","max-video-preview":"max-video-preview:-1"},"canonical":"https:\/\/claysshooting.fr\/en\/reglement-du-club\/","og_locale":"en_GB","og_type":"article","og_title":"R\u00e8glement du club - Clays Shooting","og_description":"Clays Shooting souhaite garantir un bon moment dans le respect de chacun. C\u2019est pourquoi, nous vous invitons \u00e0 prendre connaissance de ce r\u00e8glement dans son enti\u00e8ret\u00e9 et \u00e0 respecter son int\u00e9grit\u00e9 \u00e0 chacun de vos passages dans notre club. Merci de votre compr\u00e9hension. Il est strictement interdit de fumer sur les compacts sporting ainsi que&hellip; Continue reading R\u00e8glement du club","og_url":"https:\/\/claysshooting.fr\/en\/reglement-du-club\/","og_site_name":"Clays Shooting","article_publisher":"https:\/\/www.facebook.com\/claysshooting62","article_modified_time":"2025-08-29T10:24:03+00:00","og_image":[{"width":1300,"height":1733,"url":"https:\/\/claysshooting.fr\/wp-content\/uploads\/2025\/09\/9cfb15e0-4254-46c9-aede-71864c4fce3a-scaled-e1758187016489.webp","type":"image\/webp"}],"twitter_card":"summary_large_image","twitter_misc":{"Estimated reading time":"2 minutes"},"schema":{"@context":"https:\/\/schema.org","@graph":[{"@type":"WebPage","@id":"https:\/\/claysshooting.fr\/reglement-du-club\/","url":"https:\/\/claysshooting.fr\/reglement-du-club\/","name":"R\u00e8glement du club - Clays Shooting","isPartOf":{"@id":"https:\/\/claysshooting.fr\/#website"},"datePublished":"2025-08-29T10:23:52+00:00","dateModified":"2025-08-29T10:24:03+00:00","breadcrumb":{"@id":"https:\/\/claysshooting.fr\/reglement-du-club\/#breadcrumb"},"inLanguage":"en-GB","potentialAction":[{"@type":"ReadAction","target":["https:\/\/claysshooting.fr\/reglement-du-club\/"]}]},{"@type":"BreadcrumbList","@id":"https:\/\/claysshooting.fr\/reglement-du-club\/#breadcrumb","itemListElement":[{"@type":"ListItem","position":1,"name":"Accueil","item":"https:\/\/claysshooting.fr\/"},{"@type":"ListItem","position":2,"name":"R\u00e8glement du club"}]},{"@type":"WebSite","@id":"https:\/\/claysshooting.fr\/#website","url":"https:\/\/claysshooting.fr\/","name":"Clays Shooting | Stand de ball trap Sains-L\u00e8s-Marquion","description":"","publisher":{"@id":"https:\/\/claysshooting.fr\/#organization"},"potentialAction":[{"@type":"SearchAction","target":{"@type":"EntryPoint","urlTemplate":"https:\/\/claysshooting.fr\/?s={search_term_string}"},"query-input":{"@type":"PropertyValueSpecification","valueRequired":true,"valueName":"search_term_string"}}],"inLanguage":"en-GB"},{"@type":"Organization","@id":"https:\/\/claysshooting.fr\/#organization","name":"Clays Shooting | Stand de ball trap Sains-L\u00e8s-Marquion","url":"https:\/\/claysshooting.fr\/","logo":{"@type":"ImageObject","inLanguage":"en-GB","@id":"https:\/\/claysshooting.fr\/#\/schema\/logo\/image\/","url":"https:\/\/claysshooting.fr\/wp-content\/uploads\/2025\/08\/logo_blanc.webp","contentUrl":"https:\/\/claysshooting.fr\/wp-content\/uploads\/2025\/08\/logo_blanc.webp","width":600,"height":596,"caption":"Clays Shooting | Stand de ball trap Sains-L\u00e8s-Marquion"},"image":{"@id":"https:\/\/claysshooting.fr\/#\/schema\/logo\/image\/"},"sameAs":["https:\/\/www.facebook.com\/claysshooting62"]}]}},"jetpack_sharing_enabled":true,"_links":{"self":[{"href":"https:\/\/claysshooting.fr\/en\/wp-json\/wp\/v2\/pages\/730","targetHints":{"allow":["GET"]}}],"collection":[{"href":"https:\/\/claysshooting.fr\/en\/wp-json\/wp\/v2\/pages"}],"about":[{"href":"https:\/\/claysshooting.fr\/en\/wp-json\/wp\/v2\/types\/page"}],"author":[{"embeddable":true,"href":"https:\/\/claysshooting.fr\/en\/wp-json\/wp\/v2\/users\/1"}],"replies":[{"embeddable":true,"href":"https:\/\/claysshooting.fr\/en\/wp-json\/wp\/v2\/comments?post=730"}],"version-history":[{"count":1,"href":"https:\/\/claysshooting.fr\/en\/wp-json\/wp\/v2\/pages\/730\/revisions"}],"predecessor-version":[{"id":731,"href":"https:\/\/claysshooting.fr\/en\/wp-json\/wp\/v2\/pages\/730\/revisions\/731"}],"wp:attachment":[{"href":"https:\/\/claysshooting.fr\/en\/wp-json\/wp\/v2\/media?parent=730"}],"curies":[{"name":"wp","href":"https:\/\/api.w.org\/{rel}","templated":true}]}}