{"id":723,"date":"2025-08-29T12:02:38","date_gmt":"2025-08-29T10:02:38","guid":{"rendered":"https:\/\/clays-shooting.flashpubcommunication.fr\/?page_id=723"},"modified":"2025-08-29T12:12:35","modified_gmt":"2025-08-29T10:12:35","slug":"mentions-legales","status":"publish","type":"page","link":"https:\/\/claysshooting.fr\/en\/mentions-legales\/","title":{"rendered":"Legal notices"},"content":{"rendered":"<div class=\"elementor-element elementor-element-b32ff40 elementor-widget elementor-widget-text-editor\" data-id=\"b32ff40\" data-element_type=\"widget\" data-widget_type=\"text-editor.default\">\n<div class=\"elementor-widget-container\">\n<p>Conform\u00e9ment aux dispositions des Articles 6-III et 19 de la Loi n\u00b02004-575 du 21 juin 2004 pour la confiance dans l\u2019\u00e9conomie num\u00e9rique, dite L.C.E.N., il est port\u00e9 \u00e0 la connaissance des utilisateurs et visiteurs du site \u201cclays-shooting.fr\u201d\u00a0 les pr\u00e9sentes Mentions L\u00e9gales.<\/p>\n<p>&nbsp;<\/p>\n<p>Le site\u00a0 est accessible \u00e0 l\u2019adresse suivante : https:\/\/clays-shooting.fr. L\u2019acc\u00e8s et l\u2019utilisation du site clays-shooting.fr sont soumis aux pr\u00e9sentes \u00ab Mentions L\u00e9gales \u00bb d\u00e9taill\u00e9es ci-apr\u00e8s ainsi qu\u2019aux lois et\/ou r\u00e8glement applicables.<\/p>\n<p>&nbsp;<\/p>\n<p>La connexion, l\u2019utilisation et l\u2019acc\u00e8s \u00e0 ce site impliquent l\u2019acceptation int\u00e9grale et sans r\u00e9serve de l\u2019Utilisateur de toutes les dispositions des pr\u00e9sentes Mentions L\u00e9gales.<\/p>\n<p>&nbsp;<\/p>\n<\/div>\n<\/div>\n<div class=\"elementor-element elementor-element-a719846 elementor-widget elementor-widget-text-editor\" data-id=\"a719846\" data-element_type=\"widget\" data-widget_type=\"text-editor.default\">\n<div class=\"elementor-widget-container\">\n<h2><strong>Article 1 \u2013 Informations l\u00e9gales<\/strong><\/h2>\n<p>En vertu de l\u2019article 6 de la Loi n\u00b02004-575 du 21 juin 2004 pour la confiance dans l\u2019\u00e9conomie num\u00e9rique, il est pr\u00e9cis\u00e9 dans cet article l\u2019identit\u00e9 des diff\u00e9rents intervenants dans le cadre de sa r\u00e9alisation et de son suivi.<\/p>\n<p>&nbsp;<\/p>\n<p><strong>Le Site est \u00e9dit\u00e9 par :<\/strong><br \/>\nCom&rsquo; des fr\u00e8res<br \/>\nAyant son si\u00e8ge social \u00e0 l\u2019adresse suivante : 12 rue Louis Bl\u00e9riot 59400 CAMBRAI, et immatricul\u00e9e au num\u00e9ro suivant : SIRET 33252304200031<br \/>\nT\u00e9l\u00e9phone : 03 27 81 19 31<br \/>\nAdresse e-mail : contact@comdesfreres.fr<br \/>\nCi-apr\u00e8s \u00ab l\u2019\u00c9diteur \u00bb<\/p>\n<p>&nbsp;<\/p>\n<p><strong>Le Directeur de publication\/La Directrice de publication est<\/strong> : Monsieur Laurent BEDET<br \/>\nAdresse e-mail de contact :\u00a0<a href=\"mailto:clays.shooting@orange.fr\">clays.shooting@orange.fr<\/a><br \/>\nCi-apr\u00e8s \u00ab le Directeur de publication \u00bb<\/p>\n<p>&nbsp;<\/p>\n<p><strong>Le Site est h\u00e9berg\u00e9 par<\/strong> :<\/p>\n<p>Le prestataire assurant le stockage direct et permanent est la\u00a0soci\u00e9t\u00e9 OVH\u00a0&#8211; soci\u00e9t\u00e9 par actions simplifi\u00e9e (SAS) au capital de 10 059 500 euros, inscrite au Registre du Commerce et des Soci\u00e9t\u00e9s de Lille M\u00e9tropole sous le num\u00e9ro\u00a0474 761 419, dont le si\u00e8ge social est situ\u00e9 au :<\/p>\n<p>2, rue Kellerman 59100 ROUBAIX\u00a0\u2022\u00a0<a href=\"https:\/\/www.ovh.com\/fr\">https:\/\/www.ovh.com\/fr<\/a><\/p>\n<p>Ci-apr\u00e8s \u00ab l\u2019H\u00e9bergeur \u00bb<\/p>\n<p>&nbsp;<\/p>\n<p>Sont consid\u00e9r\u00e9s comme utilisateurs tous les Utilisateurs qui naviguent, lisent, visionnent et utilisent le site ,<br \/>\nCi-apr\u00e8s les \u00ab Utilisateurs \u00bb<\/p>\n<p>&nbsp;<\/p>\n<h2><strong>Article 2 \u2013 Accessibilit\u00e9<\/strong><\/h2>\n<p>Le Site est par principe accessible aux utilisateurs 24h\/24 et 7j\/7, sauf interruption, programm\u00e9 ou non, pour des besoins de maintenance ou en cas de force majeure.<br \/>\nEn cas d\u2019impossibilit\u00e9 d\u2019acc\u00e8s au Site, celui-ci s\u2019engage \u00e0 faire son maximum afin d\u2019en r\u00e9tablir l\u2019acc\u00e8s. Le Site ne saurait \u00eatre tenu pour responsable de tout dommage, quelle qu\u2019en soit la nature, r\u00e9sultant de son indisponibilit\u00e9.<\/p>\n<p>&nbsp;<\/p>\n<h2><strong>Article 3 \u2013 Collecte de donn\u00e9es et loi informatique et\u00a0<\/strong><strong>libert\u00e9s<\/strong><\/h2>\n<p>Ce Site est conforme aux dispositions de la Loi 78-17 du 6 janvier 1978 relative \u00e0 l\u2019informatique, aux fichiers et aux libert\u00e9s. En vertu de celle-ci l\u2019Utilisateur b\u00e9n\u00e9ficie notamment d\u2019un droit d\u2019opposition (art 32 et 38), d\u2019acc\u00e8s (art 38 et 39) et de rectification (art 40) des donn\u00e9es le concernant.<\/p>\n<p>Pour faire usage de celle-ci l\u2019Utilisateur doit s\u2019adresser \u00e0 l\u2019\u00c9diteur en le contactant \u00e0 l\u2019adresse suivante : contact@comdesfreres.fr, ou par courrier adress\u00e9 au si\u00e8ge social de l\u2019\u00c9diteur en pr\u00e9cisant ses nom, pr\u00e9nom(s), adresse et adresse(s) e-mail.<\/p>\n<p>&nbsp;<\/p>\n<h2><strong>Article 4 \u2013 Politique de cookies<\/strong><\/h2>\n<p>Le Site a \u00e9ventuellement recours aux techniques de \u00ab cookies \u00bb lui permettant de traiter des statistiques et des informations sur le trafic, de faciliter la navigation et d\u2019am\u00e9liorer le service pour le confort de l\u2019Utilisateur.<\/p>\n<p>Conform\u00e9ment \u00e0 la l\u00e9gislation europ\u00e9enne, le Site a mis \u00e0 jour sa politique de confidentialit\u00e9 en mati\u00e8re de cookies. L\u2019Utilisateur est libre d\u2019accepter ou de refuser les cookies de tous les sites internet en modifiant les param\u00e8tres de son navigateur internet.<\/p>\n<p>&nbsp;<\/p>\n<h2><strong>Article 5 \u2013 Loi applicable et juridiction<\/strong><\/h2>\n<p>Les pr\u00e9sentes Mentions L\u00e9gales sont r\u00e9gies par la loi fran\u00e7aise et tout litige ou diff\u00e9rend qui pourrait na\u00eetre entre les parties \u00e0 l\u2019occasion de l\u2019utilisation, la publication ou de propos tenu sur le site sera port\u00e9 devant les tribunaux fran\u00e7ais conform\u00e9ment aux r\u00e8gles de comp\u00e9tence en<br \/>\nvigueur.<\/p>\n<p>&nbsp;<\/p>\n<h2><strong>Article 6 \u2013 Droits de la propri\u00e9t\u00e9 intellectuelle<\/strong><\/h2>\n<p>Le Site constitue une \u0153uvre dont l\u2019\u00c9diteur est l\u2019auteur au sens des articles L111.1 et suivants du Code de propri\u00e9t\u00e9 intellectuelle.<br \/>\nIl est rappel\u00e9 que les photographies pr\u00e9sentes sur le Site sont consid\u00e9r\u00e9es comme des \u0153uvres de l\u2019esprit b\u00e9n\u00e9ficiant de la protection au titre du droit d\u2019auteur. Toute utilisation non autoris\u00e9e de l\u2019une ou l\u2019autre des photographies est constitutif d\u2019un acte de contrefa\u00e7on comme<br \/>\nle pr\u00e9voit l\u2019article L335-3 du Code de la propri\u00e9t\u00e9 intellectuelle.<\/p>\n<p>&nbsp;<\/p>\n<p>De mani\u00e8re g\u00e9n\u00e9rale, les donn\u00e9es, les programmes, les textes, les informations, les logos, les identit\u00e9s visuelles, les images anim\u00e9es ou non et leurs mises en forme apparaissant sur le Site sont la propri\u00e9t\u00e9 de l\u2019\u00c9diteur et sont prot\u00e9g\u00e9es \u00e0 ce titre par les dispositions du Code de la<br \/>\npropri\u00e9t\u00e9 intellectuelle.<\/p>\n<p>&nbsp;<\/p>\n<p>Tout Utilisateur s\u2019engage \u00e0 ne pas les utiliser et \u00e0 ne permettre \u00e0 quiconque d\u2019utiliser ces contenus \u00e0 des fins ill\u00e9gales.<\/p>\n<p>&nbsp;<\/p>\n<p>Toute repr\u00e9sentation ou reproduction, totale ou partielle, permanente ou temporaire, sur un support informatique et\/ou papier, et par quelque proc\u00e9d\u00e9 que ce soit (notamment par voie de framing*), de l\u2019un ou l\u2019autre des \u00e9l\u00e9ments du Site ou des services propos\u00e9s \u00e0 la vente, sans<br \/>\nl\u2019accord pr\u00e9alable et expr\u00e8s de l\u2019\u00c9diteur est interdite, et constitue un acte de contrefa\u00e7on, qui pourra entra\u00eener des condamnations civiles et\/ou p\u00e9nales. Seule l\u2019impression papier est autoris\u00e9e aux fins de copie priv\u00e9e \u00e0 l\u2019usage exclusif du copiste au sens de l\u2019article L122-5 2\u00b0<br \/>\ndu Code de propri\u00e9t\u00e9 intellectuelle.<\/p>\n<p>&nbsp;<\/p>\n<p>*action de capter le contenu de pages d\u2019un site Internet pour le transf\u00e9rer sur son propre site Internet par le biais d\u2019un lien hypertexte, en faisant appara\u00eetre ledit contenu comme le sien.<\/p>\n<p>Reproduction et diffusion sont interdites. En cas d\u2019autorisation de reproduction et\/ou de diffusion exceptionnellement consentie par \u00e0 l\u2019appui d\u2019un accord pr\u00e9alable et \u00e9crit, la mention suivante doit imp\u00e9rativement \u00eatre mentionn\u00e9e : COPYRIGHT \u00a9 2022.<\/p>\n<p>&nbsp;<\/p>\n<h2><strong>Article 7 \u2013 R\u00e9seaux sociaux<\/strong><\/h2>\n<p>Le Site vous permet de partager sur le r\u00e9seau social (Facebook) la plupart des articles mis en ligne. Pour partager un article, vous devez cliquer sur un bouton de partage du type \u201cPartager\u201d ou une ic\u00f4ne repr\u00e9sentant le r\u00e9seau social et pr\u00e9c\u00e9d\u00e9e de la mention \u201cPartager sur\u201d. Le fait de cliquer sur ce type de bouton vous am\u00e8ne sur le r\u00e9seau social s\u00e9lectionn\u00e9 et vous invite, si vous n\u2019\u00eates pas d\u00e9j\u00e0 connect\u00e9 \u00e0 ce r\u00e9seau, \u00e0 vous connecter (avec vos identifiant et mot de passe) ou \u00e0 vous inscrire.<br \/>\nL\u2019\u00c9diteur n\u2019est pas responsable des actions effectu\u00e9es par l\u2019Utilisateur sur le site du r\u00e9seau social. En cas de doute, de probl\u00e8me, de r\u00e9clamation ou de questions, l\u2019Utilisateur devra contacter le r\u00e9seau social.<\/p>\n<p>Lors de cette connexion au r\u00e9seau social, le serveur accueillant le site web du r\u00e9seau social peut placer sur l\u2019ordinateur du visiteur des cookies contenant son identifiant et autres informations que le r\u00e9seau social peut \u00eatre amen\u00e9 \u00e0 utiliser lors de connexions futures.<\/p>\n<p>Les informations r\u00e9colt\u00e9es sur l\u2019Utilisateur par le r\u00e9seau social suite \u00e0 sa connexion, notamment les pages qu\u2019il a visit\u00e9 sur le Site ou sur d\u2019autres sites comportant des boutons de partage, peuvent \u00eatre exploit\u00e9es par le r\u00e9seau social dans le but de collecter des informations de statistiques, de publier de la publicit\u00e9 cibl\u00e9e sur l\u2019ordinateur de l\u2019Utilisateur, etc.\u00a0 Ces informations ne sont pas accessibles par l\u2019\u00c9diteur.<\/p>\n<p>Pour plus d\u2019informations, veuillez-vous r\u00e9f\u00e9rer aux Conditions d\u2019utilisation du r\u00e9seau social, en particulier aux r\u00e8gles concernant la vie priv\u00e9e. L\u2019\u00c9diteur n\u2019a pas acc\u00e8s aux informations \u00e9chang\u00e9es avec le r\u00e9seau social et n\u2019est pas responsable des interactions entre notre site et le r\u00e9seau social, en particulier de tout contenu ajout\u00e9 par l\u2019Utilisateur sur le r\u00e9seau social.<\/p>\n<p>L\u2019Utilisateur ne devra en aucun cas placer des commentaires pouvant porter pr\u00e9judice au r\u00e9seau social ou \u00e0 l\u2019\u00c9diteur (voir nos conditions d\u2019utilisation et les conditions d\u2019utilisation du r\u00e9seau social).<\/p>\n<p>&nbsp;<\/p>\n<h2><strong>Article 8 \u2013 Contact<\/strong><\/h2>\n<p>Pour tout signalement de contenus ou d\u2019activit\u00e9s illicites, l\u2019Utilisateur peut contacter l\u2019\u00c9diteur \u00e0 l\u2019adresse suivante : contact@comdesfreres.fr, ou par courrier recommand\u00e9 avec accus\u00e9 de r\u00e9ception adress\u00e9 \u00e0 l\u2019\u00c9diteur aux coordonn\u00e9es pr\u00e9cis\u00e9es dans les pr\u00e9sentes Mentions L\u00e9gales.<\/p>\n<\/div>\n<\/div>","protected":false},"excerpt":{"rendered":"<p>Conform\u00e9ment aux dispositions des Articles 6-III et 19 de la Loi n\u00b02004-575 du 21 juin 2004 pour la confiance dans l\u2019\u00e9conomie num\u00e9rique, dite L.C.E.N., il est port\u00e9 \u00e0 la connaissance des utilisateurs et visiteurs du site \u201cclays-shooting.fr\u201d\u00a0 les pr\u00e9sentes Mentions L\u00e9gales. &nbsp; Le site\u00a0 est accessible \u00e0 l\u2019adresse suivante : https:\/\/clays-shooting.fr. L\u2019acc\u00e8s et l\u2019utilisation du&hellip; <a class=\"more-link\" href=\"https:\/\/claysshooting.fr\/en\/mentions-legales\/\">Continue reading <span class=\"screen-reader-text\">Legal notices<\/span><\/a><\/p>","protected":false},"author":1,"featured_media":0,"parent":0,"menu_order":0,"comment_status":"closed","ping_status":"closed","template":"page.php","meta":{"_acf_changed":false,"footnotes":""},"class_list":["post-723","page","type-page","status-publish","hentry","entry"],"acf":[],"yoast_head":"<!-- This site is optimized with the Yoast SEO plugin v27.2 - https:\/\/yoast.com\/product\/yoast-seo-wordpress\/ -->\n<title>Mentions L\u00e9gales - Clays Shooting<\/title>\n<meta name=\"robots\" content=\"index, follow, max-snippet:-1, max-image-preview:large, max-video-preview:-1\" \/>\n<link rel=\"canonical\" href=\"https:\/\/claysshooting.fr\/en\/mentions-legales\/\" \/>\n<meta property=\"og:locale\" content=\"en_GB\" \/>\n<meta property=\"og:type\" content=\"article\" \/>\n<meta property=\"og:title\" content=\"Mentions L\u00e9gales - Clays Shooting\" \/>\n<meta property=\"og:description\" content=\"Conform\u00e9ment aux dispositions des Articles 6-III et 19 de la Loi n\u00b02004-575 du 21 juin 2004 pour la confiance dans l\u2019\u00e9conomie num\u00e9rique, dite L.C.E.N., il est port\u00e9 \u00e0 la connaissance des utilisateurs et visiteurs du site \u201cclays-shooting.fr\u201d\u00a0 les pr\u00e9sentes Mentions L\u00e9gales. &nbsp; Le site\u00a0 est accessible \u00e0 l\u2019adresse suivante : https:\/\/clays-shooting.fr. L\u2019acc\u00e8s et l\u2019utilisation du&hellip; Continue reading Mentions L\u00e9gales\" \/>\n<meta property=\"og:url\" content=\"https:\/\/claysshooting.fr\/en\/mentions-legales\/\" \/>\n<meta property=\"og:site_name\" content=\"Clays Shooting\" \/>\n<meta property=\"article:publisher\" content=\"https:\/\/www.facebook.com\/claysshooting62\" \/>\n<meta property=\"article:modified_time\" content=\"2025-08-29T10:12:35+00:00\" \/>\n<meta property=\"og:image\" content=\"https:\/\/claysshooting.fr\/wp-content\/uploads\/2025\/09\/9cfb15e0-4254-46c9-aede-71864c4fce3a-scaled-e1758187016489.webp\" \/>\n\t<meta property=\"og:image:width\" content=\"1300\" \/>\n\t<meta property=\"og:image:height\" content=\"1733\" \/>\n\t<meta property=\"og:image:type\" content=\"image\/webp\" \/>\n<meta name=\"twitter:card\" content=\"summary_large_image\" \/>\n<meta name=\"twitter:label1\" content=\"Estimated reading time\" \/>\n\t<meta name=\"twitter:data1\" content=\"7 minutes\" \/>\n<script type=\"application\/ld+json\" class=\"yoast-schema-graph\">{\"@context\":\"https:\/\/schema.org\",\"@graph\":[{\"@type\":\"WebPage\",\"@id\":\"https:\/\/claysshooting.fr\/mentions-legales\/\",\"url\":\"https:\/\/claysshooting.fr\/mentions-legales\/\",\"name\":\"Mentions L\u00e9gales - Clays Shooting\",\"isPartOf\":{\"@id\":\"https:\/\/claysshooting.fr\/#website\"},\"datePublished\":\"2025-08-29T10:02:38+00:00\",\"dateModified\":\"2025-08-29T10:12:35+00:00\",\"breadcrumb\":{\"@id\":\"https:\/\/claysshooting.fr\/mentions-legales\/#breadcrumb\"},\"inLanguage\":\"en-GB\",\"potentialAction\":[{\"@type\":\"ReadAction\",\"target\":[\"https:\/\/claysshooting.fr\/mentions-legales\/\"]}]},{\"@type\":\"BreadcrumbList\",\"@id\":\"https:\/\/claysshooting.fr\/mentions-legales\/#breadcrumb\",\"itemListElement\":[{\"@type\":\"ListItem\",\"position\":1,\"name\":\"Accueil\",\"item\":\"https:\/\/claysshooting.fr\/\"},{\"@type\":\"ListItem\",\"position\":2,\"name\":\"Mentions L\u00e9gales\"}]},{\"@type\":\"WebSite\",\"@id\":\"https:\/\/claysshooting.fr\/#website\",\"url\":\"https:\/\/claysshooting.fr\/\",\"name\":\"Clays Shooting | Stand de ball trap Sains-L\u00e8s-Marquion\",\"description\":\"\",\"publisher\":{\"@id\":\"https:\/\/claysshooting.fr\/#organization\"},\"potentialAction\":[{\"@type\":\"SearchAction\",\"target\":{\"@type\":\"EntryPoint\",\"urlTemplate\":\"https:\/\/claysshooting.fr\/?s={search_term_string}\"},\"query-input\":{\"@type\":\"PropertyValueSpecification\",\"valueRequired\":true,\"valueName\":\"search_term_string\"}}],\"inLanguage\":\"en-GB\"},{\"@type\":\"Organization\",\"@id\":\"https:\/\/claysshooting.fr\/#organization\",\"name\":\"Clays Shooting | Stand de ball trap Sains-L\u00e8s-Marquion\",\"url\":\"https:\/\/claysshooting.fr\/\",\"logo\":{\"@type\":\"ImageObject\",\"inLanguage\":\"en-GB\",\"@id\":\"https:\/\/claysshooting.fr\/#\/schema\/logo\/image\/\",\"url\":\"https:\/\/claysshooting.fr\/wp-content\/uploads\/2025\/08\/logo_blanc.webp\",\"contentUrl\":\"https:\/\/claysshooting.fr\/wp-content\/uploads\/2025\/08\/logo_blanc.webp\",\"width\":600,\"height\":596,\"caption\":\"Clays Shooting | Stand de ball trap Sains-L\u00e8s-Marquion\"},\"image\":{\"@id\":\"https:\/\/claysshooting.fr\/#\/schema\/logo\/image\/\"},\"sameAs\":[\"https:\/\/www.facebook.com\/claysshooting62\"]}]}<\/script>\n<!-- \/ Yoast SEO plugin. -->","yoast_head_json":{"title":"Mentions L\u00e9gales - Clays Shooting","robots":{"index":"index","follow":"follow","max-snippet":"max-snippet:-1","max-image-preview":"max-image-preview:large","max-video-preview":"max-video-preview:-1"},"canonical":"https:\/\/claysshooting.fr\/en\/mentions-legales\/","og_locale":"en_GB","og_type":"article","og_title":"Mentions L\u00e9gales - Clays Shooting","og_description":"Conform\u00e9ment aux dispositions des Articles 6-III et 19 de la Loi n\u00b02004-575 du 21 juin 2004 pour la confiance dans l\u2019\u00e9conomie num\u00e9rique, dite L.C.E.N., il est port\u00e9 \u00e0 la connaissance des utilisateurs et visiteurs du site \u201cclays-shooting.fr\u201d\u00a0 les pr\u00e9sentes Mentions L\u00e9gales. &nbsp; Le site\u00a0 est accessible \u00e0 l\u2019adresse suivante : https:\/\/clays-shooting.fr. L\u2019acc\u00e8s et l\u2019utilisation du&hellip; Continue reading Mentions L\u00e9gales","og_url":"https:\/\/claysshooting.fr\/en\/mentions-legales\/","og_site_name":"Clays Shooting","article_publisher":"https:\/\/www.facebook.com\/claysshooting62","article_modified_time":"2025-08-29T10:12:35+00:00","og_image":[{"width":1300,"height":1733,"url":"https:\/\/claysshooting.fr\/wp-content\/uploads\/2025\/09\/9cfb15e0-4254-46c9-aede-71864c4fce3a-scaled-e1758187016489.webp","type":"image\/webp"}],"twitter_card":"summary_large_image","twitter_misc":{"Estimated reading time":"7 minutes"},"schema":{"@context":"https:\/\/schema.org","@graph":[{"@type":"WebPage","@id":"https:\/\/claysshooting.fr\/mentions-legales\/","url":"https:\/\/claysshooting.fr\/mentions-legales\/","name":"Mentions L\u00e9gales - Clays Shooting","isPartOf":{"@id":"https:\/\/claysshooting.fr\/#website"},"datePublished":"2025-08-29T10:02:38+00:00","dateModified":"2025-08-29T10:12:35+00:00","breadcrumb":{"@id":"https:\/\/claysshooting.fr\/mentions-legales\/#breadcrumb"},"inLanguage":"en-GB","potentialAction":[{"@type":"ReadAction","target":["https:\/\/claysshooting.fr\/mentions-legales\/"]}]},{"@type":"BreadcrumbList","@id":"https:\/\/claysshooting.fr\/mentions-legales\/#breadcrumb","itemListElement":[{"@type":"ListItem","position":1,"name":"Accueil","item":"https:\/\/claysshooting.fr\/"},{"@type":"ListItem","position":2,"name":"Mentions L\u00e9gales"}]},{"@type":"WebSite","@id":"https:\/\/claysshooting.fr\/#website","url":"https:\/\/claysshooting.fr\/","name":"Clays Shooting | Stand de ball trap Sains-L\u00e8s-Marquion","description":"","publisher":{"@id":"https:\/\/claysshooting.fr\/#organization"},"potentialAction":[{"@type":"SearchAction","target":{"@type":"EntryPoint","urlTemplate":"https:\/\/claysshooting.fr\/?s={search_term_string}"},"query-input":{"@type":"PropertyValueSpecification","valueRequired":true,"valueName":"search_term_string"}}],"inLanguage":"en-GB"},{"@type":"Organization","@id":"https:\/\/claysshooting.fr\/#organization","name":"Clays Shooting | Stand de ball trap Sains-L\u00e8s-Marquion","url":"https:\/\/claysshooting.fr\/","logo":{"@type":"ImageObject","inLanguage":"en-GB","@id":"https:\/\/claysshooting.fr\/#\/schema\/logo\/image\/","url":"https:\/\/claysshooting.fr\/wp-content\/uploads\/2025\/08\/logo_blanc.webp","contentUrl":"https:\/\/claysshooting.fr\/wp-content\/uploads\/2025\/08\/logo_blanc.webp","width":600,"height":596,"caption":"Clays Shooting | Stand de ball trap Sains-L\u00e8s-Marquion"},"image":{"@id":"https:\/\/claysshooting.fr\/#\/schema\/logo\/image\/"},"sameAs":["https:\/\/www.facebook.com\/claysshooting62"]}]}},"jetpack_sharing_enabled":true,"_links":{"self":[{"href":"https:\/\/claysshooting.fr\/en\/wp-json\/wp\/v2\/pages\/723","targetHints":{"allow":["GET"]}}],"collection":[{"href":"https:\/\/claysshooting.fr\/en\/wp-json\/wp\/v2\/pages"}],"about":[{"href":"https:\/\/claysshooting.fr\/en\/wp-json\/wp\/v2\/types\/page"}],"author":[{"embeddable":true,"href":"https:\/\/claysshooting.fr\/en\/wp-json\/wp\/v2\/users\/1"}],"replies":[{"embeddable":true,"href":"https:\/\/claysshooting.fr\/en\/wp-json\/wp\/v2\/comments?post=723"}],"version-history":[{"count":5,"href":"https:\/\/claysshooting.fr\/en\/wp-json\/wp\/v2\/pages\/723\/revisions"}],"predecessor-version":[{"id":729,"href":"https:\/\/claysshooting.fr\/en\/wp-json\/wp\/v2\/pages\/723\/revisions\/729"}],"wp:attachment":[{"href":"https:\/\/claysshooting.fr\/en\/wp-json\/wp\/v2\/media?parent=723"}],"curies":[{"name":"wp","href":"https:\/\/api.w.org\/{rel}","templated":true}]}}