{"id":627,"date":"2025-08-28T14:51:13","date_gmt":"2025-08-28T12:51:13","guid":{"rendered":"https:\/\/clays-shooting.flashpubcommunication.fr\/fr\/?page_id=627"},"modified":"2025-08-29T09:42:09","modified_gmt":"2025-08-29T07:42:09","slug":"a-propos","status":"publish","type":"page","link":"https:\/\/claysshooting.fr\/en\/a-propos\/","title":{"rendered":"About"},"content":{"rendered":"<p>Our passionate clay pigeon shooting team welcomes you year-round to our shooting ranges and competitions. With its diverse and complementary skills, Clays Shooting offers advice, safety, and a sense of fun!<\/p>\n<p>&nbsp;<\/p>\n<p>We offer a variety of activities across our 9 hectares and over 139 shooting ranges for all types of shooters. You can join our club and participate in our competitions for a chance to win numerous prizes!<\/p>","protected":false},"excerpt":{"rendered":"<p>Notre \u00e9quipe passionn\u00e9e de Ball Trap vous accueille tout au long de l\u2019ann\u00e9e, du lundi au dimanche, sur les stands de tir et lors des comp\u00e9titions. Aux comp\u00e9tences multiples et compl\u00e9mentaires, Clays Shooting vous apporte conseil, s\u00e9curit\u00e9 et bonne humeur ! &nbsp; Nous vous proposons diverses activit\u00e9s, sur nos 9 hectares et plus de 139&hellip; <a class=\"more-link\" href=\"https:\/\/claysshooting.fr\/en\/a-propos\/\">Continue reading <span class=\"screen-reader-text\">About<\/span><\/a><\/p>","protected":false},"author":1,"featured_media":0,"parent":0,"menu_order":0,"comment_status":"closed","ping_status":"closed","template":"about.php","meta":{"_acf_changed":false,"footnotes":""},"class_list":["post-627","page","type-page","status-publish","hentry","entry"],"acf":[],"yoast_head":"<!-- This site is optimized with the Yoast SEO plugin v27.2 - https:\/\/yoast.com\/product\/yoast-seo-wordpress\/ -->\n<title>A propos - Clays Shooting<\/title>\n<meta name=\"robots\" content=\"index, follow, max-snippet:-1, max-image-preview:large, max-video-preview:-1\" \/>\n<link rel=\"canonical\" href=\"https:\/\/claysshooting.fr\/en\/a-propos\/\" \/>\n<meta property=\"og:locale\" content=\"en_GB\" \/>\n<meta property=\"og:type\" content=\"article\" \/>\n<meta property=\"og:title\" content=\"A propos - Clays Shooting\" \/>\n<meta property=\"og:description\" content=\"Notre \u00e9quipe passionn\u00e9e de Ball Trap vous accueille tout au long de l\u2019ann\u00e9e, du lundi au dimanche, sur les stands de tir et lors des comp\u00e9titions. Aux comp\u00e9tences multiples et compl\u00e9mentaires, Clays Shooting vous apporte conseil, s\u00e9curit\u00e9 et bonne humeur ! &nbsp; Nous vous proposons diverses activit\u00e9s, sur nos 9 hectares et plus de 139&hellip; Continue reading A propos\" \/>\n<meta property=\"og:url\" content=\"https:\/\/claysshooting.fr\/en\/a-propos\/\" \/>\n<meta property=\"og:site_name\" content=\"Clays Shooting\" \/>\n<meta property=\"article:publisher\" content=\"https:\/\/www.facebook.com\/claysshooting62\" \/>\n<meta property=\"article:modified_time\" content=\"2025-08-29T07:42:09+00:00\" \/>\n<meta property=\"og:image\" content=\"https:\/\/claysshooting.fr\/wp-content\/uploads\/2025\/09\/9cfb15e0-4254-46c9-aede-71864c4fce3a-scaled-e1758187016489.webp\" \/>\n\t<meta property=\"og:image:width\" content=\"1300\" \/>\n\t<meta property=\"og:image:height\" content=\"1733\" \/>\n\t<meta property=\"og:image:type\" content=\"image\/webp\" \/>\n<meta name=\"twitter:card\" content=\"summary_large_image\" \/>\n<script type=\"application\/ld+json\" class=\"yoast-schema-graph\">{\"@context\":\"https:\/\/schema.org\",\"@graph\":[{\"@type\":\"WebPage\",\"@id\":\"https:\/\/claysshooting.fr\/a-propos\/\",\"url\":\"https:\/\/claysshooting.fr\/a-propos\/\",\"name\":\"A propos - Clays Shooting\",\"isPartOf\":{\"@id\":\"https:\/\/claysshooting.fr\/#website\"},\"datePublished\":\"2025-08-28T12:51:13+00:00\",\"dateModified\":\"2025-08-29T07:42:09+00:00\",\"breadcrumb\":{\"@id\":\"https:\/\/claysshooting.fr\/a-propos\/#breadcrumb\"},\"inLanguage\":\"en-GB\",\"potentialAction\":[{\"@type\":\"ReadAction\",\"target\":[\"https:\/\/claysshooting.fr\/a-propos\/\"]}]},{\"@type\":\"BreadcrumbList\",\"@id\":\"https:\/\/claysshooting.fr\/a-propos\/#breadcrumb\",\"itemListElement\":[{\"@type\":\"ListItem\",\"position\":1,\"name\":\"Accueil\",\"item\":\"https:\/\/claysshooting.fr\/\"},{\"@type\":\"ListItem\",\"position\":2,\"name\":\"A propos\"}]},{\"@type\":\"WebSite\",\"@id\":\"https:\/\/claysshooting.fr\/#website\",\"url\":\"https:\/\/claysshooting.fr\/\",\"name\":\"Clays Shooting | Stand de ball trap Sains-L\u00e8s-Marquion\",\"description\":\"\",\"publisher\":{\"@id\":\"https:\/\/claysshooting.fr\/#organization\"},\"potentialAction\":[{\"@type\":\"SearchAction\",\"target\":{\"@type\":\"EntryPoint\",\"urlTemplate\":\"https:\/\/claysshooting.fr\/?s={search_term_string}\"},\"query-input\":{\"@type\":\"PropertyValueSpecification\",\"valueRequired\":true,\"valueName\":\"search_term_string\"}}],\"inLanguage\":\"en-GB\"},{\"@type\":\"Organization\",\"@id\":\"https:\/\/claysshooting.fr\/#organization\",\"name\":\"Clays Shooting | Stand de ball trap Sains-L\u00e8s-Marquion\",\"url\":\"https:\/\/claysshooting.fr\/\",\"logo\":{\"@type\":\"ImageObject\",\"inLanguage\":\"en-GB\",\"@id\":\"https:\/\/claysshooting.fr\/#\/schema\/logo\/image\/\",\"url\":\"https:\/\/claysshooting.fr\/wp-content\/uploads\/2025\/08\/logo_blanc.webp\",\"contentUrl\":\"https:\/\/claysshooting.fr\/wp-content\/uploads\/2025\/08\/logo_blanc.webp\",\"width\":600,\"height\":596,\"caption\":\"Clays Shooting | Stand de ball trap Sains-L\u00e8s-Marquion\"},\"image\":{\"@id\":\"https:\/\/claysshooting.fr\/#\/schema\/logo\/image\/\"},\"sameAs\":[\"https:\/\/www.facebook.com\/claysshooting62\"]}]}<\/script>\n<!-- \/ Yoast SEO plugin. -->","yoast_head_json":{"title":"A propos - Clays Shooting","robots":{"index":"index","follow":"follow","max-snippet":"max-snippet:-1","max-image-preview":"max-image-preview:large","max-video-preview":"max-video-preview:-1"},"canonical":"https:\/\/claysshooting.fr\/en\/a-propos\/","og_locale":"en_GB","og_type":"article","og_title":"A propos - Clays Shooting","og_description":"Notre \u00e9quipe passionn\u00e9e de Ball Trap vous accueille tout au long de l\u2019ann\u00e9e, du lundi au dimanche, sur les stands de tir et lors des comp\u00e9titions. Aux comp\u00e9tences multiples et compl\u00e9mentaires, Clays Shooting vous apporte conseil, s\u00e9curit\u00e9 et bonne humeur ! &nbsp; Nous vous proposons diverses activit\u00e9s, sur nos 9 hectares et plus de 139&hellip; Continue reading A propos","og_url":"https:\/\/claysshooting.fr\/en\/a-propos\/","og_site_name":"Clays Shooting","article_publisher":"https:\/\/www.facebook.com\/claysshooting62","article_modified_time":"2025-08-29T07:42:09+00:00","og_image":[{"width":1300,"height":1733,"url":"https:\/\/claysshooting.fr\/wp-content\/uploads\/2025\/09\/9cfb15e0-4254-46c9-aede-71864c4fce3a-scaled-e1758187016489.webp","type":"image\/webp"}],"twitter_card":"summary_large_image","schema":{"@context":"https:\/\/schema.org","@graph":[{"@type":"WebPage","@id":"https:\/\/claysshooting.fr\/a-propos\/","url":"https:\/\/claysshooting.fr\/a-propos\/","name":"A propos - Clays Shooting","isPartOf":{"@id":"https:\/\/claysshooting.fr\/#website"},"datePublished":"2025-08-28T12:51:13+00:00","dateModified":"2025-08-29T07:42:09+00:00","breadcrumb":{"@id":"https:\/\/claysshooting.fr\/a-propos\/#breadcrumb"},"inLanguage":"en-GB","potentialAction":[{"@type":"ReadAction","target":["https:\/\/claysshooting.fr\/a-propos\/"]}]},{"@type":"BreadcrumbList","@id":"https:\/\/claysshooting.fr\/a-propos\/#breadcrumb","itemListElement":[{"@type":"ListItem","position":1,"name":"Accueil","item":"https:\/\/claysshooting.fr\/"},{"@type":"ListItem","position":2,"name":"A propos"}]},{"@type":"WebSite","@id":"https:\/\/claysshooting.fr\/#website","url":"https:\/\/claysshooting.fr\/","name":"Clays Shooting | Stand de ball trap Sains-L\u00e8s-Marquion","description":"","publisher":{"@id":"https:\/\/claysshooting.fr\/#organization"},"potentialAction":[{"@type":"SearchAction","target":{"@type":"EntryPoint","urlTemplate":"https:\/\/claysshooting.fr\/?s={search_term_string}"},"query-input":{"@type":"PropertyValueSpecification","valueRequired":true,"valueName":"search_term_string"}}],"inLanguage":"en-GB"},{"@type":"Organization","@id":"https:\/\/claysshooting.fr\/#organization","name":"Clays Shooting | Stand de ball trap Sains-L\u00e8s-Marquion","url":"https:\/\/claysshooting.fr\/","logo":{"@type":"ImageObject","inLanguage":"en-GB","@id":"https:\/\/claysshooting.fr\/#\/schema\/logo\/image\/","url":"https:\/\/claysshooting.fr\/wp-content\/uploads\/2025\/08\/logo_blanc.webp","contentUrl":"https:\/\/claysshooting.fr\/wp-content\/uploads\/2025\/08\/logo_blanc.webp","width":600,"height":596,"caption":"Clays Shooting | Stand de ball trap Sains-L\u00e8s-Marquion"},"image":{"@id":"https:\/\/claysshooting.fr\/#\/schema\/logo\/image\/"},"sameAs":["https:\/\/www.facebook.com\/claysshooting62"]}]}},"jetpack_sharing_enabled":true,"_links":{"self":[{"href":"https:\/\/claysshooting.fr\/en\/wp-json\/wp\/v2\/pages\/627","targetHints":{"allow":["GET"]}}],"collection":[{"href":"https:\/\/claysshooting.fr\/en\/wp-json\/wp\/v2\/pages"}],"about":[{"href":"https:\/\/claysshooting.fr\/en\/wp-json\/wp\/v2\/types\/page"}],"author":[{"embeddable":true,"href":"https:\/\/claysshooting.fr\/en\/wp-json\/wp\/v2\/users\/1"}],"replies":[{"embeddable":true,"href":"https:\/\/claysshooting.fr\/en\/wp-json\/wp\/v2\/comments?post=627"}],"version-history":[{"count":8,"href":"https:\/\/claysshooting.fr\/en\/wp-json\/wp\/v2\/pages\/627\/revisions"}],"predecessor-version":[{"id":676,"href":"https:\/\/claysshooting.fr\/en\/wp-json\/wp\/v2\/pages\/627\/revisions\/676"}],"wp:attachment":[{"href":"https:\/\/claysshooting.fr\/en\/wp-json\/wp\/v2\/media?parent=627"}],"curies":[{"name":"wp","href":"https:\/\/api.w.org\/{rel}","templated":true}]}}