{"id":12,"date":"2025-08-18T10:21:52","date_gmt":"2025-08-18T10:21:52","guid":{"rendered":"https:\/\/clays-shooting.flashpubcommunication.fr\/?page_id=12"},"modified":"2025-12-29T09:41:21","modified_gmt":"2025-12-29T08:41:21","slug":"activites","status":"publish","type":"page","link":"https:\/\/claysshooting.fr\/en\/activites\/","title":{"rendered":"Our Activities"},"content":{"rendered":"<p style=\"text-align: left;\"><strong>Le Clays Shooting vous propose de nombreuses activit\u00e9s telles que le Compak Sporting, Le Parcours de Chasse, La Fosse Universelle et Le Sanglier Courant (uniquement sur r\u00e9servation du 15 SEPTEMBRE au 30 AVRIL)<\/strong><\/p>\n<p style=\"text-align: left;\">Le tir est ouvert \u00e0 tous les tireurs ayant une licence FFBT ou un permis de chasse.<\/p>\n<p style=\"text-align: left;\">Si vous \u00eates novice, il est obligatoire de faire une initiation accompagn\u00e9 d&rsquo;une personne qualifi\u00e9e (uniquement sur r\u00e9servation, merci de nous contacter)<\/p>\n<p>&nbsp;<\/p>\n<p>&nbsp;<\/p>\n<p style=\"text-align: left;\"><strong>Nous avons la possibilit\u00e9 de vous louer une voiturette de golf pour faciliter vos d\u00e9placements :\u00a0<\/strong><\/p>\n<ul style=\"text-align: left;\">\n<li>Demi journ\u00e9e = 30\u20ac<\/li>\n<li>Journ\u00e9e compl\u00e8te = 50\u20ac<\/li>\n<\/ul>\n<p style=\"text-align: left;\"><strong>Nous avons \u00e9galement la possibilit\u00e9 de vous louer un fusil (uniquement aux personnes ayant une licence de tir FFBT ou un permis de chasse valide) :\u00a0<\/strong><\/p>\n<ul style=\"text-align: left;\">\n<li>Demi journ\u00e9e = 30\u20ac<\/li>\n<li>Journ\u00e9e compl\u00e8te = 50\u20ac<\/li>\n<\/ul>\n<p style=\"text-align: left;\">Les prix affich\u00e9s sont pour l&rsquo;ann\u00e9e 2026.<\/p>\n<p style=\"text-align: left;\">Pour toutes questions particuli\u00e8res veuillez nous contacter.<\/p>","protected":false},"excerpt":{"rendered":"<p>Le Clays Shooting vous propose de nombreuses activit\u00e9s telles que le Compak Sporting, Le Parcours de Chasse, La Fosse Universelle et Le Sanglier Courant (uniquement sur r\u00e9servation du 15 SEPTEMBRE au 30 AVRIL) Le tir est ouvert \u00e0 tous les tireurs ayant une licence FFBT ou un permis de chasse. Si vous \u00eates novice, il&hellip; <a class=\"more-link\" href=\"https:\/\/claysshooting.fr\/en\/activites\/\">Continue reading <span class=\"screen-reader-text\">Our Activities<\/span><\/a><\/p>","protected":false},"author":1,"featured_media":0,"parent":0,"menu_order":0,"comment_status":"closed","ping_status":"closed","template":"activities.php","meta":{"_acf_changed":false,"footnotes":""},"class_list":["post-12","page","type-page","status-publish","hentry","entry"],"acf":[],"yoast_head":"<!-- This site is optimized with the Yoast SEO plugin v27.2 - https:\/\/yoast.com\/product\/yoast-seo-wordpress\/ -->\n<title>Clays Shooting | Stand Ball Trap | Sains-l\u00e8s-Marquion<\/title>\n<meta name=\"description\" content=\"Le Clays Shooting vous propose de nombreuses activit\u00e9s : Compak Sporting, Parcours de Chasse, Fosse Universelle et Sanglier Courant\" \/>\n<meta name=\"robots\" content=\"index, follow, max-snippet:-1, max-image-preview:large, max-video-preview:-1\" \/>\n<link rel=\"canonical\" href=\"https:\/\/claysshooting.fr\/en\/activites\/\" \/>\n<meta property=\"og:locale\" content=\"en_GB\" \/>\n<meta property=\"og:type\" content=\"article\" \/>\n<meta property=\"og:title\" content=\"Clays Shooting | Stand Ball Trap | Sains-l\u00e8s-Marquion\" \/>\n<meta property=\"og:description\" content=\"Le Clays Shooting vous propose de nombreuses activit\u00e9s : Compak Sporting, Parcours de Chasse, Fosse Universelle et Sanglier Courant\" \/>\n<meta property=\"og:url\" content=\"https:\/\/claysshooting.fr\/en\/activites\/\" \/>\n<meta property=\"og:site_name\" content=\"Clays Shooting\" \/>\n<meta property=\"article:publisher\" content=\"https:\/\/www.facebook.com\/claysshooting62\" \/>\n<meta property=\"article:modified_time\" content=\"2025-12-29T08:41:21+00:00\" \/>\n<meta property=\"og:image\" content=\"https:\/\/claysshooting.fr\/wp-content\/uploads\/2025\/09\/9cfb15e0-4254-46c9-aede-71864c4fce3a-scaled-e1758187016489.webp\" \/>\n\t<meta property=\"og:image:width\" content=\"1300\" \/>\n\t<meta property=\"og:image:height\" content=\"1733\" \/>\n\t<meta property=\"og:image:type\" content=\"image\/webp\" \/>\n<meta name=\"twitter:card\" content=\"summary_large_image\" \/>\n<meta name=\"twitter:label1\" content=\"Estimated reading time\" \/>\n\t<meta name=\"twitter:data1\" content=\"2 minutes\" \/>\n<script type=\"application\/ld+json\" class=\"yoast-schema-graph\">{\"@context\":\"https:\/\/schema.org\",\"@graph\":[{\"@type\":\"WebPage\",\"@id\":\"https:\/\/claysshooting.fr\/activites\/\",\"url\":\"https:\/\/claysshooting.fr\/activites\/\",\"name\":\"Clays Shooting | Stand Ball Trap | Sains-l\u00e8s-Marquion\",\"isPartOf\":{\"@id\":\"https:\/\/claysshooting.fr\/#website\"},\"datePublished\":\"2025-08-18T10:21:52+00:00\",\"dateModified\":\"2025-12-29T08:41:21+00:00\",\"description\":\"Le Clays Shooting vous propose de nombreuses activit\u00e9s : Compak Sporting, Parcours de Chasse, Fosse Universelle et Sanglier Courant\",\"breadcrumb\":{\"@id\":\"https:\/\/claysshooting.fr\/activites\/#breadcrumb\"},\"inLanguage\":\"en-GB\",\"potentialAction\":[{\"@type\":\"ReadAction\",\"target\":[\"https:\/\/claysshooting.fr\/activites\/\"]}]},{\"@type\":\"BreadcrumbList\",\"@id\":\"https:\/\/claysshooting.fr\/activites\/#breadcrumb\",\"itemListElement\":[{\"@type\":\"ListItem\",\"position\":1,\"name\":\"Accueil\",\"item\":\"https:\/\/claysshooting.fr\/\"},{\"@type\":\"ListItem\",\"position\":2,\"name\":\"Nos activit\u00e9s\"}]},{\"@type\":\"WebSite\",\"@id\":\"https:\/\/claysshooting.fr\/#website\",\"url\":\"https:\/\/claysshooting.fr\/\",\"name\":\"Clays Shooting | Stand de ball trap Sains-L\u00e8s-Marquion\",\"description\":\"\",\"publisher\":{\"@id\":\"https:\/\/claysshooting.fr\/#organization\"},\"potentialAction\":[{\"@type\":\"SearchAction\",\"target\":{\"@type\":\"EntryPoint\",\"urlTemplate\":\"https:\/\/claysshooting.fr\/?s={search_term_string}\"},\"query-input\":{\"@type\":\"PropertyValueSpecification\",\"valueRequired\":true,\"valueName\":\"search_term_string\"}}],\"inLanguage\":\"en-GB\"},{\"@type\":\"Organization\",\"@id\":\"https:\/\/claysshooting.fr\/#organization\",\"name\":\"Clays Shooting | Stand de ball trap Sains-L\u00e8s-Marquion\",\"url\":\"https:\/\/claysshooting.fr\/\",\"logo\":{\"@type\":\"ImageObject\",\"inLanguage\":\"en-GB\",\"@id\":\"https:\/\/claysshooting.fr\/#\/schema\/logo\/image\/\",\"url\":\"https:\/\/claysshooting.fr\/wp-content\/uploads\/2025\/08\/logo_blanc.webp\",\"contentUrl\":\"https:\/\/claysshooting.fr\/wp-content\/uploads\/2025\/08\/logo_blanc.webp\",\"width\":600,\"height\":596,\"caption\":\"Clays Shooting | Stand de ball trap Sains-L\u00e8s-Marquion\"},\"image\":{\"@id\":\"https:\/\/claysshooting.fr\/#\/schema\/logo\/image\/\"},\"sameAs\":[\"https:\/\/www.facebook.com\/claysshooting62\"]}]}<\/script>\n<!-- \/ Yoast SEO plugin. -->","yoast_head_json":{"title":"Clays Shooting | Stand Ball Trap | Sains-l\u00e8s-Marquion","description":"Le Clays Shooting vous propose de nombreuses activit\u00e9s : Compak Sporting, Parcours de Chasse, Fosse Universelle et Sanglier Courant","robots":{"index":"index","follow":"follow","max-snippet":"max-snippet:-1","max-image-preview":"max-image-preview:large","max-video-preview":"max-video-preview:-1"},"canonical":"https:\/\/claysshooting.fr\/en\/activites\/","og_locale":"en_GB","og_type":"article","og_title":"Clays Shooting | Stand Ball Trap | Sains-l\u00e8s-Marquion","og_description":"Le Clays Shooting vous propose de nombreuses activit\u00e9s : Compak Sporting, Parcours de Chasse, Fosse Universelle et Sanglier Courant","og_url":"https:\/\/claysshooting.fr\/en\/activites\/","og_site_name":"Clays Shooting","article_publisher":"https:\/\/www.facebook.com\/claysshooting62","article_modified_time":"2025-12-29T08:41:21+00:00","og_image":[{"width":1300,"height":1733,"url":"https:\/\/claysshooting.fr\/wp-content\/uploads\/2025\/09\/9cfb15e0-4254-46c9-aede-71864c4fce3a-scaled-e1758187016489.webp","type":"image\/webp"}],"twitter_card":"summary_large_image","twitter_misc":{"Estimated reading time":"2 minutes"},"schema":{"@context":"https:\/\/schema.org","@graph":[{"@type":"WebPage","@id":"https:\/\/claysshooting.fr\/activites\/","url":"https:\/\/claysshooting.fr\/activites\/","name":"Clays Shooting | Stand Ball Trap | Sains-l\u00e8s-Marquion","isPartOf":{"@id":"https:\/\/claysshooting.fr\/#website"},"datePublished":"2025-08-18T10:21:52+00:00","dateModified":"2025-12-29T08:41:21+00:00","description":"Le Clays Shooting vous propose de nombreuses activit\u00e9s : Compak Sporting, Parcours de Chasse, Fosse Universelle et Sanglier Courant","breadcrumb":{"@id":"https:\/\/claysshooting.fr\/activites\/#breadcrumb"},"inLanguage":"en-GB","potentialAction":[{"@type":"ReadAction","target":["https:\/\/claysshooting.fr\/activites\/"]}]},{"@type":"BreadcrumbList","@id":"https:\/\/claysshooting.fr\/activites\/#breadcrumb","itemListElement":[{"@type":"ListItem","position":1,"name":"Accueil","item":"https:\/\/claysshooting.fr\/"},{"@type":"ListItem","position":2,"name":"Nos activit\u00e9s"}]},{"@type":"WebSite","@id":"https:\/\/claysshooting.fr\/#website","url":"https:\/\/claysshooting.fr\/","name":"Clays Shooting | Stand de ball trap Sains-L\u00e8s-Marquion","description":"","publisher":{"@id":"https:\/\/claysshooting.fr\/#organization"},"potentialAction":[{"@type":"SearchAction","target":{"@type":"EntryPoint","urlTemplate":"https:\/\/claysshooting.fr\/?s={search_term_string}"},"query-input":{"@type":"PropertyValueSpecification","valueRequired":true,"valueName":"search_term_string"}}],"inLanguage":"en-GB"},{"@type":"Organization","@id":"https:\/\/claysshooting.fr\/#organization","name":"Clays Shooting | Stand de ball trap Sains-L\u00e8s-Marquion","url":"https:\/\/claysshooting.fr\/","logo":{"@type":"ImageObject","inLanguage":"en-GB","@id":"https:\/\/claysshooting.fr\/#\/schema\/logo\/image\/","url":"https:\/\/claysshooting.fr\/wp-content\/uploads\/2025\/08\/logo_blanc.webp","contentUrl":"https:\/\/claysshooting.fr\/wp-content\/uploads\/2025\/08\/logo_blanc.webp","width":600,"height":596,"caption":"Clays Shooting | Stand de ball trap Sains-L\u00e8s-Marquion"},"image":{"@id":"https:\/\/claysshooting.fr\/#\/schema\/logo\/image\/"},"sameAs":["https:\/\/www.facebook.com\/claysshooting62"]}]}},"jetpack_sharing_enabled":true,"_links":{"self":[{"href":"https:\/\/claysshooting.fr\/en\/wp-json\/wp\/v2\/pages\/12","targetHints":{"allow":["GET"]}}],"collection":[{"href":"https:\/\/claysshooting.fr\/en\/wp-json\/wp\/v2\/pages"}],"about":[{"href":"https:\/\/claysshooting.fr\/en\/wp-json\/wp\/v2\/types\/page"}],"author":[{"embeddable":true,"href":"https:\/\/claysshooting.fr\/en\/wp-json\/wp\/v2\/users\/1"}],"replies":[{"embeddable":true,"href":"https:\/\/claysshooting.fr\/en\/wp-json\/wp\/v2\/comments?post=12"}],"version-history":[{"count":38,"href":"https:\/\/claysshooting.fr\/en\/wp-json\/wp\/v2\/pages\/12\/revisions"}],"predecessor-version":[{"id":1017,"href":"https:\/\/claysshooting.fr\/en\/wp-json\/wp\/v2\/pages\/12\/revisions\/1017"}],"wp:attachment":[{"href":"https:\/\/claysshooting.fr\/en\/wp-json\/wp\/v2\/media?parent=12"}],"curies":[{"name":"wp","href":"https:\/\/api.w.org\/{rel}","templated":true}]}}